{"id":7968,"date":"2020-04-11T08:36:29","date_gmt":"2020-04-11T08:36:29","guid":{"rendered":"https:\/\/www.gavias-theme.com\/wp\/indutri\/?page_id=7968"},"modified":"2022-08-23T15:56:22","modified_gmt":"2022-08-23T12:56:22","slug":"blog","status":"publish","type":"page","link":"https:\/\/ektaskimyaproses.com\/index.php\/blog\/","title":{"rendered":"Blog"},"content":{"rendered":"\t\t<div data-elementor-type=\"wp-page\" data-elementor-id=\"7968\" class=\"elementor elementor-7968\">\n\t\t\t\t\t\t<section class=\"elementor-section elementor-top-section elementor-element elementor-element-adc65de elementor-section-boxed elementor-section-height-default elementor-section-height-default\" data-id=\"adc65de\" data-element_type=\"section\">\n\t\t\t\t\t\t<div class=\"elementor-container elementor-column-gap-default\">\n\t\t\t\t\t<div class=\"elementor-column elementor-col-100 elementor-top-column elementor-element elementor-element-474e27b top column-style-top\" data-id=\"474e27b\" data-element_type=\"column\">\n\t\t\t<div class=\"elementor-widget-wrap elementor-element-populated\">\n\t\t\t\t\t\t<div class=\"elementor-element elementor-element-a83bab2 elementor-widget elementor-widget-gva-posts\" data-id=\"a83bab2\" data-element_type=\"widget\" data-widget_type=\"gva-posts.default\">\n\t\t\t\t<div class=\"elementor-widget-container\">\n\t\t\t\t\t<div class=\"gva-element-gva-posts gva-element\">  \r\n  <div class=\"gva-posts-grid clearfix gva-posts\">\r\n      <div class=\"gva-content-items\"> \r\n        <div class=\"lg-block-grid-3 md-block-grid-3 sm-block-grid-2 xs-block-grid-1 xx-block-grid-1\">\r\n          \n<div class=\"all atik-su-aritma genel haberler  item-columns\">\n   <article id=\"post-12654\" class=\"post-12654 post type-post status-publish format-standard has-post-thumbnail hentry category-atik-su-aritma category-genel category-haberler\">\n      <div class=\"post-block post-style-1\">\n         <div class=\"post-thumbnail\">\n            <a href=\"https:\/\/ektaskimyaproses.com\/index.php\/endustriyel-su-aritma-sistemleri\/\">\n               <img fetchpriority=\"high\" decoding=\"async\" width=\"600\" height=\"455\" src=\"https:\/\/ektaskimyaproses.com\/wp-content\/uploads\/2023\/03\/zetas-kimya-53-600x455.jpg\" class=\"attachment-post-thumbnail size-post-thumbnail wp-post-image\" alt=\"End\u00fcstriyel Su Ar\u0131tma Sistemleri\" \/>            <\/a>   \n         <\/div>   \n\n         <div class=\"entry-content\">\n            <div class=\"content-inner\">\n               <div class=\"entry-meta\">\n                  \n    <div class=\"meta-inline\"><span class=\"entry-date\">26 Ocak 2026<\/span><\/div>               <\/div> \n               <h2 class=\"entry-title\"><a href=\"https:\/\/ektaskimyaproses.com\/index.php\/endustriyel-su-aritma-sistemleri\/\" rel=\"bookmark\">End\u00fcstriyel Su Ar\u0131tma Sistemleri<\/a><\/h2>\n            <\/div>\n         <\/div>\n      <\/div>   \n   <\/article>   \n<\/div>\n\n  \n<div class=\"all atik-su-aritma genel  item-columns\">\n   <article id=\"post-12635\" class=\"post-12635 post type-post status-publish format-standard has-post-thumbnail hentry category-atik-su-aritma category-genel\">\n      <div class=\"post-block post-style-1\">\n         <div class=\"post-thumbnail\">\n            <a href=\"https:\/\/ektaskimyaproses.com\/index.php\/su-aritma-ve-surdurulebilir-cozumlerle-saglikli-bir-gelecek\/\">\n               <img decoding=\"async\" width=\"600\" height=\"455\" src=\"https:\/\/ektaskimyaproses.com\/wp-content\/uploads\/2025\/01\/ektas-kimya-600x455.png\" class=\"attachment-post-thumbnail size-post-thumbnail wp-post-image\" alt=\"Su Ar\u0131tma ve S\u00fcrd\u00fcr\u00fclebilir \u00c7\u00f6z\u00fcmlerle Sa\u011fl\u0131kl\u0131 Bir Gelecek\" \/>            <\/a>   \n         <\/div>   \n\n         <div class=\"entry-content\">\n            <div class=\"content-inner\">\n               <div class=\"entry-meta\">\n                  \n    <div class=\"meta-inline\"><span class=\"entry-date\">7 Ocak 2025<\/span><span class=\"line\">-<\/span><span class=\"post-comment\">0 yorum<\/span><\/div>               <\/div> \n               <h2 class=\"entry-title\"><a href=\"https:\/\/ektaskimyaproses.com\/index.php\/su-aritma-ve-surdurulebilir-cozumlerle-saglikli-bir-gelecek\/\" rel=\"bookmark\">Su Ar\u0131tma ve S\u00fcrd\u00fcr\u00fclebilir \u00c7\u00f6z\u00fcmlerle Sa\u011fl\u0131kl\u0131 Bir Gelecek<\/a><\/h2>\n            <\/div>\n         <\/div>\n      <\/div>   \n   <\/article>   \n<\/div>\n\n  \n<div class=\"all atik-su-aritma genel  item-columns\">\n   <article id=\"post-12082\" class=\"post-12082 post type-post status-publish format-standard has-post-thumbnail hentry category-atik-su-aritma category-genel\">\n      <div class=\"post-block post-style-1\">\n         <div class=\"post-thumbnail\">\n            <a href=\"https:\/\/ektaskimyaproses.com\/index.php\/atik-su-aritma\/\">\n               <img decoding=\"async\" width=\"600\" height=\"455\" src=\"https:\/\/ektaskimyaproses.com\/wp-content\/uploads\/2023\/03\/zetas-kimya-83-600x455.jpg\" class=\"attachment-post-thumbnail size-post-thumbnail wp-post-image\" alt=\"At\u0131k su ar\u0131tma\" \/>            <\/a>   \n         <\/div>   \n\n         <div class=\"entry-content\">\n            <div class=\"content-inner\">\n               <div class=\"entry-meta\">\n                  \n    <div class=\"meta-inline\"><span class=\"entry-date\">11 Ocak 2024<\/span><span class=\"line\">-<\/span><span class=\"post-comment\">0 yorum<\/span><\/div>               <\/div> \n               <h2 class=\"entry-title\"><a href=\"https:\/\/ektaskimyaproses.com\/index.php\/atik-su-aritma\/\" rel=\"bookmark\">At\u0131k su ar\u0131tma<\/a><\/h2>\n            <\/div>\n         <\/div>\n      <\/div>   \n   <\/article>   \n<\/div>\n\n  \n<div class=\"all genel  item-columns\">\n   <article id=\"post-11985\" class=\"post-11985 post type-post status-publish format-standard has-post-thumbnail hentry category-genel\">\n      <div class=\"post-block post-style-1\">\n         <div class=\"post-thumbnail\">\n            <a href=\"https:\/\/ektaskimyaproses.com\/index.php\/atik-su-aritma-temiz-cevre-ve-surdurulebilirlik-icin-hayati-bir-surec\/\">\n               <img loading=\"lazy\" decoding=\"async\" width=\"600\" height=\"455\" src=\"https:\/\/ektaskimyaproses.com\/wp-content\/uploads\/2022\/04\/atik-su-aritma-600x455.jpg\" class=\"attachment-post-thumbnail size-post-thumbnail wp-post-image\" alt=\"At\u0131k Su Ar\u0131tma: Temiz \u00c7evre ve S\u00fcrd\u00fcr\u00fclebilirlik \u0130\u00e7in Hayati Bir S\u00fcre\u00e7\" \/>            <\/a>   \n         <\/div>   \n\n         <div class=\"entry-content\">\n            <div class=\"content-inner\">\n               <div class=\"entry-meta\">\n                  \n    <div class=\"meta-inline\"><span class=\"entry-date\">14 Eyl\u00fcl 2023<\/span><span class=\"line\">-<\/span><span class=\"post-comment\">0 yorum<\/span><\/div>               <\/div> \n               <h2 class=\"entry-title\"><a href=\"https:\/\/ektaskimyaproses.com\/index.php\/atik-su-aritma-temiz-cevre-ve-surdurulebilirlik-icin-hayati-bir-surec\/\" rel=\"bookmark\">At\u0131k Su Ar\u0131tma: Temiz \u00c7evre ve S\u00fcrd\u00fcr\u00fclebilirlik \u0130\u00e7in Hayati Bir S\u00fcre\u00e7<\/a><\/h2>\n            <\/div>\n         <\/div>\n      <\/div>   \n   <\/article>   \n<\/div>\n\n  \n<div class=\"all paket-aritma  item-columns\">\n   <article id=\"post-11971\" class=\"post-11971 post type-post status-publish format-standard has-post-thumbnail hentry category-paket-aritma\">\n      <div class=\"post-block post-style-1\">\n         <div class=\"post-thumbnail\">\n            <a href=\"https:\/\/ektaskimyaproses.com\/index.php\/temiz-su-her-yerde-paket-aritma-sistemleri-ve-tasinabilir-su-cozumleri\/\">\n               <img loading=\"lazy\" decoding=\"async\" width=\"600\" height=\"455\" src=\"https:\/\/ektaskimyaproses.com\/wp-content\/uploads\/2023\/03\/zetas-kimya-85-600x455.jpg\" class=\"attachment-post-thumbnail size-post-thumbnail wp-post-image\" alt=\"Temiz Su Her Yerde: Paket Ar\u0131tma Sistemleri ve Ta\u015f\u0131nabilir Su \u00c7\u00f6z\u00fcmleri\" \/>            <\/a>   \n         <\/div>   \n\n         <div class=\"entry-content\">\n            <div class=\"content-inner\">\n               <div class=\"entry-meta\">\n                  \n    <div class=\"meta-inline\"><span class=\"entry-date\">1 Eyl\u00fcl 2023<\/span><span class=\"line\">-<\/span><span class=\"post-comment\">0 yorum<\/span><\/div>               <\/div> \n               <h2 class=\"entry-title\"><a href=\"https:\/\/ektaskimyaproses.com\/index.php\/temiz-su-her-yerde-paket-aritma-sistemleri-ve-tasinabilir-su-cozumleri\/\" rel=\"bookmark\">Temiz Su Her Yerde: Paket Ar\u0131tma Sistemleri ve Ta\u015f\u0131nabilir Su \u00c7\u00f6z\u00fcmleri<\/a><\/h2>\n            <\/div>\n         <\/div>\n      <\/div>   \n   <\/article>   \n<\/div>\n\n  \n<div class=\"all genel saf-su  item-columns\">\n   <article id=\"post-11967\" class=\"post-11967 post type-post status-publish format-standard has-post-thumbnail hentry category-genel category-saf-su\">\n      <div class=\"post-block post-style-1\">\n         <div class=\"post-thumbnail\">\n            <a href=\"https:\/\/ektaskimyaproses.com\/index.php\/enerji-santralleri-icin-saf-su-gerekliligi\/\">\n               <img loading=\"lazy\" decoding=\"async\" width=\"600\" height=\"455\" src=\"https:\/\/ektaskimyaproses.com\/wp-content\/uploads\/2023\/03\/zetas-kimya-69-600x455.jpg\" class=\"attachment-post-thumbnail size-post-thumbnail wp-post-image\" alt=\"Enerji Santralleri i\u00e7in Saf Su Gereklili\u011fi\" \/>            <\/a>   \n         <\/div>   \n\n         <div class=\"entry-content\">\n            <div class=\"content-inner\">\n               <div class=\"entry-meta\">\n                  \n    <div class=\"meta-inline\"><span class=\"entry-date\">19 A\u011fustos 2023<\/span><span class=\"line\">-<\/span><span class=\"post-comment\">0 yorum<\/span><\/div>               <\/div> \n               <h2 class=\"entry-title\"><a href=\"https:\/\/ektaskimyaproses.com\/index.php\/enerji-santralleri-icin-saf-su-gerekliligi\/\" rel=\"bookmark\">Enerji Santralleri i\u00e7in Saf Su Gereklili\u011fi<\/a><\/h2>\n            <\/div>\n         <\/div>\n      <\/div>   \n   <\/article>   \n<\/div>\n\n          <\/div>\r\n      <\/div>\r\n                <div class=\"pagination\">\r\n              <div class=\"column one pager_wrapper\"><div class=\"pager\"><div class=\"paginations\"><a href=\"https:\/\/ektaskimyaproses.com\/index.php\/wp-json\/wp\/v2\/pages\/7968\/\" class=\"page-item active\">1<\/a><a href=\"https:\/\/ektaskimyaproses.com\/index.php\/wp-json\/wp\/v2\/pages\/7968\/page\/2\/\" class=\"page-item\">2<\/a><a href=\"https:\/\/ektaskimyaproses.com\/index.php\/wp-json\/wp\/v2\/pages\/7968\/page\/3\/\" class=\"page-item\">3<\/a><span class=\"page-item\">... <\/span><a href=\"https:\/\/ektaskimyaproses.com\/index.php\/wp-json\/wp\/v2\/pages\/7968\/page\/16\/\" class=\"page-item\">16<\/a><a class=\"next_page\" href=\"https:\/\/ektaskimyaproses.com\/index.php\/wp-json\/wp\/v2\/pages\/7968\/page\/2\/\"><i class=\"fas fa-chevron-right\"><\/i><\/a><\/div><\/div><\/div>\n          <\/div>\r\n        <\/div>\r\n  <\/div>\t\t\t\t<\/div>\n\t\t\t\t<\/div>\n\t\t\t\t\t<\/div>\n\t\t<\/div>\n\t\t\t\t\t<\/div>\n\t\t<\/section>\n\t\t\t\t<\/div>\n\t\t","protected":false},"excerpt":{"rendered":"<p>January 3, 2016-1 comment We Believe in Building Long Lasting our Business Relationships January 3, 2016-0 comments Digital technology internships a win for students and businesses January 3, 2016-0 comments How nations around the world are investing in robotics research January 3, 2016-0 comments Strategy launched to help increase industrial automation in UK January 3, [&hellip;]<\/p>\n","protected":false},"author":1,"featured_media":0,"parent":0,"menu_order":0,"comment_status":"closed","ping_status":"closed","template":"","meta":{"footnotes":""},"class_list":["post-7968","page","type-page","status-publish","hentry"],"_links":{"self":[{"href":"https:\/\/ektaskimyaproses.com\/index.php\/wp-json\/wp\/v2\/pages\/7968","targetHints":{"allow":["GET"]}}],"collection":[{"href":"https:\/\/ektaskimyaproses.com\/index.php\/wp-json\/wp\/v2\/pages"}],"about":[{"href":"https:\/\/ektaskimyaproses.com\/index.php\/wp-json\/wp\/v2\/types\/page"}],"author":[{"embeddable":true,"href":"https:\/\/ektaskimyaproses.com\/index.php\/wp-json\/wp\/v2\/users\/1"}],"replies":[{"embeddable":true,"href":"https:\/\/ektaskimyaproses.com\/index.php\/wp-json\/wp\/v2\/comments?post=7968"}],"version-history":[{"count":0,"href":"https:\/\/ektaskimyaproses.com\/index.php\/wp-json\/wp\/v2\/pages\/7968\/revisions"}],"wp:attachment":[{"href":"https:\/\/ektaskimyaproses.com\/index.php\/wp-json\/wp\/v2\/media?parent=7968"}],"curies":[{"name":"wp","href":"https:\/\/api.w.org\/{rel}","templated":true}]}}