{"id":612,"date":"2016-03-07T03:11:04","date_gmt":"2016-03-07T03:11:04","guid":{"rendered":"https:\/\/www.gavias-theme.com\/wp\/indutri\/?page_id=612"},"modified":"2022-08-23T16:06:01","modified_gmt":"2022-08-23T13:06:01","slug":"hakkimizda","status":"publish","type":"page","link":"https:\/\/ektaskimyaproses.com\/index.php\/hakkimizda\/","title":{"rendered":"Hakk\u0131m\u0131zda"},"content":{"rendered":"\t\t<div data-elementor-type=\"wp-post\" data-elementor-id=\"612\" class=\"elementor elementor-612\">\n\t\t\t\t\t\t<section class=\"elementor-section elementor-top-section elementor-element elementor-element-104d3223 elementor-section-boxed elementor-section-height-default elementor-section-height-default\" data-id=\"104d3223\" data-element_type=\"section\">\n\t\t\t\t\t\t<div class=\"elementor-container elementor-column-gap-default\">\n\t\t\t\t\t<div class=\"elementor-column elementor-col-50 elementor-top-column elementor-element elementor-element-64c87954 top column-style-top\" data-id=\"64c87954\" data-element_type=\"column\">\n\t\t\t<div class=\"elementor-widget-wrap elementor-element-populated\">\n\t\t\t\t\t\t<div class=\"elementor-element elementor-element-2cdf4dcb elementor-widget elementor-widget-text-editor\" data-id=\"2cdf4dcb\" data-element_type=\"widget\" data-widget_type=\"text-editor.default\">\n\t\t\t\t<div class=\"elementor-widget-container\">\n\t\t\t\t\t\t\t\t\t<p>Kaliteli ve g\u00fcvenilir hizmetin adresi olan firmam\u0131z, end\u00fcstriyel ve evsel at\u0131k su ar\u0131t\u0131m\u0131, proses suyu ve saf su \u00fcretimi, havuz ekipmanlar\u0131 ve kimyasallar\u0131 sat\u0131\u015f\u0131, paslanmaz mod\u00fcler su depolar\u0131 imalat\u0131, toptan ve perakende sat\u0131\u015f, montaj ve teknik servis hizmetlerini, teknolojinin modern imkanlar\u0131n\u0131 kullanarak etkili bir \u015fekilde y\u00fcr\u00fctmektedir.<\/p>\t\t\t\t\t\t\t\t<\/div>\n\t\t\t\t<\/div>\n\t\t\t\t\t<\/div>\n\t\t<\/div>\n\t\t\t\t<div class=\"elementor-column elementor-col-50 elementor-top-column elementor-element elementor-element-22fac918 top column-style-top\" data-id=\"22fac918\" data-element_type=\"column\">\n\t\t\t<div class=\"elementor-widget-wrap elementor-element-populated\">\n\t\t\t\t\t\t<section class=\"elementor-section elementor-inner-section elementor-element elementor-element-3f45f496 elementor-section-content-bottom elementor-section-boxed elementor-section-height-default elementor-section-height-default\" data-id=\"3f45f496\" data-element_type=\"section\">\n\t\t\t\t\t\t<div class=\"elementor-container elementor-column-gap-default\">\n\t\t\t\t\t<div class=\"elementor-column elementor-col-50 elementor-inner-column elementor-element elementor-element-38e5f276 elementor-hidden-mobile top column-style-top\" data-id=\"38e5f276\" data-element_type=\"column\">\n\t\t\t<div class=\"elementor-widget-wrap elementor-element-populated\">\n\t\t\t\t\t\t<div class=\"elementor-element elementor-element-7c722d53 elementor-widget elementor-widget-text-editor\" data-id=\"7c722d53\" data-element_type=\"widget\" data-widget_type=\"text-editor.default\">\n\t\t\t\t<div class=\"elementor-widget-container\">\n\t\t\t\t\t\t\t\t\t<div class=\"fw-bold\"><span class=\"me-2 lh-1 tf-secondary-color\" style=\"font-size: 72px; letter-spacing: -0.04em;\">25+<\/span><span class=\"lh-1 tf-accent-color\" style=\"font-size: 18px; text-transform: uppercase;\">Y\u0131ll\u0131k Tecr\u00fcbe<\/span><\/div>\t\t\t\t\t\t\t\t<\/div>\n\t\t\t\t<\/div>\n\t\t\t\t<div class=\"elementor-element elementor-element-7f4d7ab7 image-100 elementor-widget elementor-widget-image\" data-id=\"7f4d7ab7\" data-element_type=\"widget\" data-widget_type=\"image.default\">\n\t\t\t\t<div class=\"elementor-widget-container\">\n\t\t\t\t\t\t\t\t\t\t\t\t\t\t\t<img fetchpriority=\"high\" decoding=\"async\" width=\"270\" height=\"429\" src=\"https:\/\/ektaskimyaproses.com\/wp-content\/uploads\/2022\/08\/musluk-1.jpg\" class=\"attachment-full size-full wp-image-10947\" alt=\"\" \/>\t\t\t\t\t\t\t\t\t\t\t\t\t\t\t<\/div>\n\t\t\t\t<\/div>\n\t\t\t\t\t<\/div>\n\t\t<\/div>\n\t\t\t\t<div class=\"elementor-column elementor-col-50 elementor-inner-column elementor-element elementor-element-5e945d48 top column-style-top\" data-id=\"5e945d48\" data-element_type=\"column\">\n\t\t\t<div class=\"elementor-widget-wrap elementor-element-populated\">\n\t\t\t\t\t\t<div class=\"elementor-element elementor-element-3a29123b image-100 elementor-widget elementor-widget-image\" data-id=\"3a29123b\" data-element_type=\"widget\" data-widget_type=\"image.default\">\n\t\t\t\t<div class=\"elementor-widget-container\">\n\t\t\t\t\t\t\t\t\t\t\t\t\t\t\t<img decoding=\"async\" width=\"370\" height=\"511\" src=\"https:\/\/ektaskimyaproses.com\/wp-content\/uploads\/2022\/08\/musluk-2.jpg\" class=\"attachment-full size-full wp-image-10948\" alt=\"\" \/>\t\t\t\t\t\t\t\t\t\t\t\t\t\t\t<\/div>\n\t\t\t\t<\/div>\n\t\t\t\t\t<\/div>\n\t\t<\/div>\n\t\t\t\t\t<\/div>\n\t\t<\/section>\n\t\t\t\t\t<\/div>\n\t\t<\/div>\n\t\t\t\t\t<\/div>\n\t\t<\/section>\n\t\t\t\t<section class=\"elementor-section elementor-top-section elementor-element elementor-element-101909f1 elementor-section-boxed elementor-section-height-default elementor-section-height-default\" data-id=\"101909f1\" data-element_type=\"section\">\n\t\t\t\t\t\t<div class=\"elementor-container elementor-column-gap-no\">\n\t\t\t\t\t<div class=\"elementor-column elementor-col-100 elementor-top-column elementor-element elementor-element-6c04fc8a top column-style-top\" data-id=\"6c04fc8a\" data-element_type=\"column\">\n\t\t\t<div class=\"elementor-widget-wrap elementor-element-populated\">\n\t\t\t\t\t\t<section class=\"elementor-section elementor-inner-section elementor-element elementor-element-2787706d elementor-section-boxed elementor-section-height-default elementor-section-height-default\" data-id=\"2787706d\" data-element_type=\"section\">\n\t\t\t\t\t\t<div class=\"elementor-container elementor-column-gap-default\">\n\t\t\t\t\t<div class=\"elementor-column elementor-col-100 elementor-inner-column elementor-element elementor-element-25585a8c top column-style-top\" data-id=\"25585a8c\" data-element_type=\"column\">\n\t\t\t<div class=\"elementor-widget-wrap elementor-element-populated\">\n\t\t\t\t\t\t<div class=\"elementor-element elementor-element-17b92ad3 elementor-widget elementor-widget-text-editor\" data-id=\"17b92ad3\" data-element_type=\"widget\" data-widget_type=\"text-editor.default\">\n\t\t\t\t<div class=\"elementor-widget-container\">\n\t\t\t\t\t\t\t\t\t<div class=\"bauer-text clearfix \"><p>Alan\u0131nda uzmanla\u015fm\u0131\u015f \u00e7al\u0131\u015fma arkada\u015flar\u0131m\u0131z, m\u00fc\u015fterilerimize verilen hizmetin g\u00fcvenirli\u011fine dayal\u0131 bir \u00e7al\u0131\u015fma ortam\u0131 sunmaktad\u0131r. Kaliteli ve \u00e7e\u015fitli \u00fcr\u00fcn gruplar\u0131yla desteklenmi\u015f olan \u00fcr\u00fcn yelpazemiz, m\u00fc\u015fterilerimize sat\u0131\u015f ve sat\u0131\u015f sonras\u0131 hizmetleri verebilecek \u015fekilde donat\u0131lm\u0131\u015ft\u0131r.<\/p><p>Sat\u0131\u015f\u0131n\u0131 ger\u00e7ekle\u015ftirdi\u011fimiz\u00a0<strong>ekta\u015f<\/strong>\u00a0markal\u0131 \u00fcr\u00fcnlerin tamam\u0131, kalitesi ve teknik yeterlili\u011fi ile firmam\u0131z\u0131n garantisi ve g\u00fcvencesi alt\u0131ndad\u0131r.<\/p><p><strong>Ekta\u015f<\/strong>\u00a0Su Ar\u0131tma Ailesi olarak teknolojiye y\u00f6nelik insana ve \u00e7evreye duyarl\u0131 yat\u0131r\u0131mlar\u0131m\u0131z\u0131 s\u00fcrekli olarak artt\u0131rmaya ve su ar\u0131tma sekt\u00f6r\u00fcn\u00fcn geli\u015fiminde \u00f6nc\u00fc rol oynamaya devam etmektedir.<\/p><\/div>\t\t\t\t\t\t\t\t<\/div>\n\t\t\t\t<\/div>\n\t\t\t\t\t<\/div>\n\t\t<\/div>\n\t\t\t\t\t<\/div>\n\t\t<\/section>\n\t\t\t\t\t<\/div>\n\t\t<\/div>\n\t\t\t\t\t<\/div>\n\t\t<\/section>\n\t\t\t\t<section class=\"elementor-section elementor-top-section elementor-element elementor-element-2edc74ad elementor-section-boxed elementor-section-height-default elementor-section-height-default\" data-id=\"2edc74ad\" data-element_type=\"section\">\n\t\t\t\t\t\t<div class=\"elementor-container elementor-column-gap-no\">\n\t\t\t\t\t<div class=\"elementor-column elementor-col-100 elementor-top-column elementor-element elementor-element-70f5fecd top column-style-top\" data-id=\"70f5fecd\" data-element_type=\"column\">\n\t\t\t<div class=\"elementor-widget-wrap elementor-element-populated\">\n\t\t\t\t\t\t<div class=\"elementor-element elementor-element-14080803 elementor-widget elementor-widget-image-carousel\" data-id=\"14080803\" data-element_type=\"widget\" data-settings=\"{&quot;slides_to_show&quot;:&quot;5&quot;,&quot;navigation&quot;:&quot;none&quot;,&quot;image_spacing_custom&quot;:{&quot;unit&quot;:&quot;px&quot;,&quot;size&quot;:70,&quot;sizes&quot;:[]},&quot;slides_to_show_tablet&quot;:&quot;3&quot;,&quot;slides_to_show_mobile&quot;:&quot;2&quot;,&quot;autoplay&quot;:&quot;yes&quot;,&quot;pause_on_hover&quot;:&quot;yes&quot;,&quot;pause_on_interaction&quot;:&quot;yes&quot;,&quot;autoplay_speed&quot;:5000,&quot;infinite&quot;:&quot;yes&quot;,&quot;speed&quot;:500,&quot;image_spacing_custom_tablet&quot;:{&quot;unit&quot;:&quot;px&quot;,&quot;size&quot;:&quot;&quot;,&quot;sizes&quot;:[]},&quot;image_spacing_custom_mobile&quot;:{&quot;unit&quot;:&quot;px&quot;,&quot;size&quot;:&quot;&quot;,&quot;sizes&quot;:[]}}\" data-widget_type=\"image-carousel.default\">\n\t\t\t\t<div class=\"elementor-widget-container\">\n\t\t\t\t\t\t\t<div class=\"elementor-image-carousel-wrapper swiper\" role=\"region\" aria-roledescription=\"carousel\" aria-label=\"Resim D\u00f6ng\u00fcs\u00fc\" dir=\"ltr\">\n\t\t\t<div class=\"elementor-image-carousel swiper-wrapper\" aria-live=\"off\">\n\t\t\t\t\t\t\t\t<div class=\"swiper-slide\" role=\"group\" aria-roledescription=\"slide\" aria-label=\"1 \/ 8\"><a data-elementor-open-lightbox=\"yes\" data-elementor-lightbox-slideshow=\"14080803\" data-elementor-lightbox-title=\"atlas-filtri.jpg\" data-e-action-hash=\"#elementor-action%3Aaction%3Dlightbox%26settings%3DeyJpZCI6MTA5NDksInVybCI6Imh0dHBzOlwvXC9la3Rhc2tpbXlhcHJvc2VzLmNvbVwvd3AtY29udGVudFwvdXBsb2Fkc1wvMjAyMlwvMDhcL2F0bGFzLWZpbHRyaS5qcGciLCJzbGlkZXNob3ciOiIxNDA4MDgwMyJ9\" href=\"#\"><figure class=\"swiper-slide-inner\"><img decoding=\"async\" class=\"swiper-slide-image\" src=\"https:\/\/ektaskimyaproses.com\/wp-content\/uploads\/elementor\/thumbs\/atlas-filtri-pw5ji8bzpmeqgodqnaqil6huokjp5xo0sfbznzuxnc.jpg\" alt=\"atlas-filtri.jpg\" \/><\/figure><\/a><\/div><div class=\"swiper-slide\" role=\"group\" aria-roledescription=\"slide\" aria-label=\"2 \/ 8\"><a data-elementor-open-lightbox=\"yes\" data-elementor-lightbox-slideshow=\"14080803\" data-elementor-lightbox-title=\"aquainox.jpg\" data-e-action-hash=\"#elementor-action%3Aaction%3Dlightbox%26settings%3DeyJpZCI6MTA5NTAsInVybCI6Imh0dHBzOlwvXC9la3Rhc2tpbXlhcHJvc2VzLmNvbVwvd3AtY29udGVudFwvdXBsb2Fkc1wvMjAyMlwvMDhcL2FxdWFpbm94LmpwZyIsInNsaWRlc2hvdyI6IjE0MDgwODAzIn0%3D\" href=\"#\"><figure class=\"swiper-slide-inner\"><img decoding=\"async\" class=\"swiper-slide-image\" src=\"https:\/\/ektaskimyaproses.com\/wp-content\/uploads\/elementor\/thumbs\/aquainox-pw5ji99twgg0sacdht555o9b9yf2dmrr4jzh59tjh4.jpg\" alt=\"aquainox.jpg\" \/><\/figure><\/a><\/div><div class=\"swiper-slide\" role=\"group\" aria-roledescription=\"slide\" aria-label=\"3 \/ 8\"><a data-elementor-open-lightbox=\"yes\" data-elementor-lightbox-slideshow=\"14080803\" data-elementor-lightbox-title=\"ravent.jpg\" data-e-action-hash=\"#elementor-action%3Aaction%3Dlightbox%26settings%3DeyJpZCI6MTA5NTEsInVybCI6Imh0dHBzOlwvXC9la3Rhc2tpbXlhcHJvc2VzLmNvbVwvd3AtY29udGVudFwvdXBsb2Fkc1wvMjAyMlwvMDhcL3JhdmVudC5qcGciLCJzbGlkZXNob3ciOiIxNDA4MDgwMyJ9\" href=\"#\"><figure class=\"swiper-slide-inner\"><img decoding=\"async\" class=\"swiper-slide-image\" src=\"https:\/\/ektaskimyaproses.com\/wp-content\/uploads\/elementor\/thumbs\/ravent-pw5ji5ih54avhuhu3rimvp7gwexliucts1dj85z460.jpg\" alt=\"ravent.jpg\" \/><\/figure><\/a><\/div><div class=\"swiper-slide\" role=\"group\" aria-roledescription=\"slide\" aria-label=\"4 \/ 8\"><a data-elementor-open-lightbox=\"yes\" data-elementor-lightbox-slideshow=\"14080803\" data-elementor-lightbox-title=\"aqua-bir.jpg\" data-e-action-hash=\"#elementor-action%3Aaction%3Dlightbox%26settings%3DeyJpZCI6MTA5NTIsInVybCI6Imh0dHBzOlwvXC9la3Rhc2tpbXlhcHJvc2VzLmNvbVwvd3AtY29udGVudFwvdXBsb2Fkc1wvMjAyMlwvMDhcL2FxdWEtYmlyLmpwZyIsInNsaWRlc2hvdyI6IjE0MDgwODAzIn0%3D\" href=\"#\"><figure class=\"swiper-slide-inner\"><img decoding=\"async\" class=\"swiper-slide-image\" src=\"https:\/\/ektaskimyaproses.com\/wp-content\/uploads\/elementor\/thumbs\/aqua-bir-pw5ji7e5isdg52f3ssbw0oqe36oby8kagaoi6pwbtk.jpg\" alt=\"aqua-bir.jpg\" \/><\/figure><\/a><\/div><div class=\"swiper-slide\" role=\"group\" aria-roledescription=\"slide\" aria-label=\"5 \/ 8\"><a data-elementor-open-lightbox=\"yes\" data-elementor-lightbox-slideshow=\"14080803\" data-elementor-lightbox-title=\"pallas.jpg\" data-e-action-hash=\"#elementor-action%3Aaction%3Dlightbox%26settings%3DeyJpZCI6MTA5NTMsInVybCI6Imh0dHBzOlwvXC9la3Rhc2tpbXlhcHJvc2VzLmNvbVwvd3AtY29udGVudFwvdXBsb2Fkc1wvMjAyMlwvMDhcL3BhbGxhcy5qcGciLCJzbGlkZXNob3ciOiIxNDA4MDgwMyJ9\" href=\"#\"><figure class=\"swiper-slide-inner\"><img decoding=\"async\" class=\"swiper-slide-image\" src=\"https:\/\/ektaskimyaproses.com\/wp-content\/uploads\/elementor\/thumbs\/pallas-pw5ji99twgg0sacdht555o9b9yf2dmrr4jzh59tjh4.jpg\" alt=\"pallas.jpg\" \/><\/figure><\/a><\/div><div class=\"swiper-slide\" role=\"group\" aria-roledescription=\"slide\" aria-label=\"6 \/ 8\"><a data-elementor-open-lightbox=\"yes\" data-elementor-lightbox-slideshow=\"14080803\" data-elementor-lightbox-title=\"pentair.jpg\" data-e-action-hash=\"#elementor-action%3Aaction%3Dlightbox%26settings%3DeyJpZCI6MTA5NTQsInVybCI6Imh0dHBzOlwvXC9la3Rhc2tpbXlhcHJvc2VzLmNvbVwvd3AtY29udGVudFwvdXBsb2Fkc1wvMjAyMlwvMDhcL3BlbnRhaXIuanBnIiwic2xpZGVzaG93IjoiMTQwODA4MDMifQ%3D%3D\" href=\"#\"><figure class=\"swiper-slide-inner\"><img decoding=\"async\" class=\"swiper-slide-image\" src=\"https:\/\/ektaskimyaproses.com\/wp-content\/uploads\/elementor\/thumbs\/pentair-pw5ji8bzpmeqgodqnaqil6huokjp5xo0sfbznzuxnc.jpg\" alt=\"pentair.jpg\" \/><\/figure><\/a><\/div><div class=\"swiper-slide\" role=\"group\" aria-roledescription=\"slide\" aria-label=\"7 \/ 8\"><a data-elementor-open-lightbox=\"yes\" data-elementor-lightbox-slideshow=\"14080803\" data-elementor-lightbox-title=\"iconic.jpg\" data-e-action-hash=\"#elementor-action%3Aaction%3Dlightbox%26settings%3DeyJpZCI6MTA5NTUsInVybCI6Imh0dHBzOlwvXC9la3Rhc2tpbXlhcHJvc2VzLmNvbVwvd3AtY29udGVudFwvdXBsb2Fkc1wvMjAyMlwvMDhcL2ljb25pYy5qcGciLCJzbGlkZXNob3ciOiIxNDA4MDgwMyJ9\" href=\"#\"><figure class=\"swiper-slide-inner\"><img decoding=\"async\" class=\"swiper-slide-image\" src=\"https:\/\/ektaskimyaproses.com\/wp-content\/uploads\/elementor\/thumbs\/iconic-pw5ji8bzpmeqgodqnaqil6huokjp5xo0sfbznzuxnc.jpg\" alt=\"iconic.jpg\" \/><\/figure><\/a><\/div><div class=\"swiper-slide\" role=\"group\" aria-roledescription=\"slide\" aria-label=\"8 \/ 8\"><a data-elementor-open-lightbox=\"yes\" data-elementor-lightbox-slideshow=\"14080803\" data-elementor-lightbox-title=\"Express-water.jpg\" data-e-action-hash=\"#elementor-action%3Aaction%3Dlightbox%26settings%3DeyJpZCI6MTA5NTYsInVybCI6Imh0dHBzOlwvXC9la3Rhc2tpbXlhcHJvc2VzLmNvbVwvd3AtY29udGVudFwvdXBsb2Fkc1wvMjAyMlwvMDhcL0V4cHJlc3Mtd2F0ZXIuanBnIiwic2xpZGVzaG93IjoiMTQwODA4MDMifQ%3D%3D\" href=\"#\"><figure class=\"swiper-slide-inner\"><img decoding=\"async\" class=\"swiper-slide-image\" src=\"https:\/\/ektaskimyaproses.com\/wp-content\/uploads\/elementor\/thumbs\/Express-water-pw5ji6gbbyc5tgggy9x9g6yxhssyqjgk4610pfxpzs.jpg\" alt=\"Express-water.jpg\" \/><\/figure><\/a><\/div>\t\t\t<\/div>\n\t\t\t\t\t\t\t\n\t\t\t\t\t\t\t\t\t<\/div>\n\t\t\t\t\t\t<\/div>\n\t\t\t\t<\/div>\n\t\t\t\t\t<\/div>\n\t\t<\/div>\n\t\t\t\t\t<\/div>\n\t\t<\/section>\n\t\t\t\t<\/div>\n\t\t","protected":false},"excerpt":{"rendered":"<p>Kaliteli ve g\u00fcvenilir hizmetin adresi olan firmam\u0131z, end\u00fcstriyel ve evsel at\u0131k su ar\u0131t\u0131m\u0131, proses suyu ve saf su \u00fcretimi, havuz ekipmanlar\u0131 ve kimyasallar\u0131 sat\u0131\u015f\u0131, paslanmaz mod\u00fcler su depolar\u0131 imalat\u0131, toptan ve perakende sat\u0131\u015f, montaj ve teknik servis hizmetlerini, teknolojinin modern imkanlar\u0131n\u0131 kullanarak etkili bir \u015fekilde y\u00fcr\u00fctmektedir. 25+Y\u0131ll\u0131k Tecr\u00fcbe Alan\u0131nda uzmanla\u015fm\u0131\u015f \u00e7al\u0131\u015fma arkada\u015flar\u0131m\u0131z, m\u00fc\u015fterilerimize verilen hizmetin [&hellip;]<\/p>\n","protected":false},"author":1,"featured_media":0,"parent":0,"menu_order":0,"comment_status":"closed","ping_status":"closed","template":"","meta":{"footnotes":""},"class_list":["post-612","page","type-page","status-publish","hentry"],"_links":{"self":[{"href":"https:\/\/ektaskimyaproses.com\/index.php\/wp-json\/wp\/v2\/pages\/612","targetHints":{"allow":["GET"]}}],"collection":[{"href":"https:\/\/ektaskimyaproses.com\/index.php\/wp-json\/wp\/v2\/pages"}],"about":[{"href":"https:\/\/ektaskimyaproses.com\/index.php\/wp-json\/wp\/v2\/types\/page"}],"author":[{"embeddable":true,"href":"https:\/\/ektaskimyaproses.com\/index.php\/wp-json\/wp\/v2\/users\/1"}],"replies":[{"embeddable":true,"href":"https:\/\/ektaskimyaproses.com\/index.php\/wp-json\/wp\/v2\/comments?post=612"}],"version-history":[{"count":0,"href":"https:\/\/ektaskimyaproses.com\/index.php\/wp-json\/wp\/v2\/pages\/612\/revisions"}],"wp:attachment":[{"href":"https:\/\/ektaskimyaproses.com\/index.php\/wp-json\/wp\/v2\/media?parent=612"}],"curies":[{"name":"wp","href":"https:\/\/api.w.org\/{rel}","templated":true}]}}